{"id":254,"date":"2019-11-25T19:19:10","date_gmt":"2019-11-25T19:19:10","guid":{"rendered":"http:\/\/toyrylankartano.fi\/?page_id=254"},"modified":"2019-11-25T19:20:44","modified_gmt":"2019-11-25T19:20:44","slug":"ajo-ohjeet","status":"publish","type":"page","link":"https:\/\/toyrylankartano.fi\/fi\/ajo-ohjeet\/","title":{"rendered":"Ajo-ohjeet"},"content":{"rendered":"<p class=\"paragraph_style_4\"><span style=\"color: #000000;\"><strong>Ajo-ohje Helsingist\u00e4 ja Lahdesta tai matkusta junalla<\/strong><\/span><\/p>\n<p class=\"paragraph_style_4\"><span style=\"color: #000000;\">Matka p\u00e4\u00e4kaupunkiseudulta noin 100 km\/ 1 t 15 minuuttia<\/span><\/p>\n<p class=\"paragraph_style_5\"><span style=\"color: #000000;\">1.Aja Porvoon moottoritiet\u00e4 Helsingist\u00e4 it\u00e4\u00e4n<\/span><\/p>\n<p class=\"paragraph_style_5\"><span style=\"color: #000000;\">2.K\u00e4\u00e4nny Porvoon j\u00e4lkeen 6-tielle (viitta: Kouvola)<\/span><\/p>\n<p class=\"paragraph_style_5\"><span style=\"color: #000000;\">3.Aja 6-tiet\u00e4 noin 19 km, k\u00e4\u00e4nny vasemmalle (viitta: Porlammi)<\/span><\/p>\n<p class=\"paragraph_style_5\"><span style=\"color: #000000;\">4.Aja 10 km ja k\u00e4\u00e4nny oikealle (viitta: Artj\u00e4rvi)<\/span><\/p>\n<p class=\"paragraph_style_5\"><span style=\"color: #000000;\">5.Aja 8 km ja k\u00e4\u00e4nny oikealle T\u00f6yryl\u00e4\u00e4n (Sibelius muistomerkin kyltti ja viitta Mets\u00e4kyl\u00e4)<\/span><\/p>\n<p class=\"paragraph_style_5\"><span style=\"color: #000000;\">6.Aja kuusiaidan viert\u00e4 20 m ja k\u00e4\u00e4nny vasempaan, sis\u00e4\u00e4najo talouspihalle valkoisen kivinavetan takaa, jossa parkkipaikka.<\/span><\/p>\n<p class=\"paragraph_style_4\"><span style=\"color: #000000;\"><strong>Ajo-ohje Lahdesta:<\/strong><\/span><\/p>\n<p class=\"paragraph_style_4\"><span style=\"color: #000000;\">Matka noin 45 km\/ 30 minuuttia<\/span><\/p>\n<p class=\"paragraph_style_5\"><span style=\"color: #000000;\">1.Aja 12-tiet\u00e4 19 km Lahdesta kohti Kouvolaa<\/span><\/p>\n<p class=\"paragraph_style_5\"><span style=\"color: #000000;\">2.K\u00e4\u00e4nny oikealle (viitta: Artj\u00e4rvi)<\/span><\/p>\n<p class=\"paragraph_style_5\"><span style=\"color: #000000;\">3.Aja 21 km, Artj\u00e4rven kyl\u00e4n l\u00e4pi ja k\u00e4\u00e4nny vasemmalle (viitta: Elim\u00e4ki)<\/span><\/p>\n<p class=\"paragraph_style_5\"><span style=\"color: #000000;\">4.Aja 2 km ja k\u00e4\u00e4nny oikealle (viitta: Porlammi)<\/span><\/p>\n<p class=\"paragraph_style_5\"><span style=\"color: #000000;\">5.Aja 700 m, k\u00e4\u00e4nny vasempaan T\u00f6yryl\u00e4\u00e4n (Sibelius muistomerkin kyltti ja viitta Mets\u00e4kyl\u00e4)<\/span><\/p>\n<p class=\"paragraph_style_5\"><span style=\"color: #000000;\">6.Aja kuusiaidan viert\u00e4 20 m ja k\u00e4\u00e4nny vasempaan, sis\u00e4\u00e4najo talouspihalle valkoisen kivinavetan takaa, jossa parkkipaikka.<\/span><\/p>\n<p class=\"paragraph_style_4\"><span style=\"color: #000000;\"><strong>Junalla<\/strong><\/span><\/p>\n<p class=\"paragraph_style_6\"><span style=\"color: #000000;\"><span class=\"style_3\">Helsinki \u2192 Uusikyl\u00e4<\/span>, ajomatka Uusikyl\u00e4n asemalta noin 15 min, tiedustele T\u00f6yryl\u00e4n pick-up palvelua.<\/span><\/p>\n<p class=\"paragraph_style_6\"><span style=\"color: #000000;\"><span class=\"style_3\">Matka-aika<\/span> 1:17 -1:27 minuuttia.<\/span><\/p>\n<p class=\"paragraph_style_6\"><span style=\"color: #000000;\">VR liikenn\u00f6in nopealla yhteydell\u00e4 kuudesti p\u00e4iv\u00e4ss\u00e4. (<a class=\"class1\" style=\"color: #000000;\" title=\"http:\/\/www.vr.fi\" href=\"http:\/\/www.vr.fi\/\">www.vr.fi<\/a>)<\/span><\/p>\n","protected":false},"excerpt":{"rendered":"<p>Ajo-ohje Helsingist\u00e4 ja Lahdesta tai matkusta junalla Matka p\u00e4\u00e4kaupunkiseudulta noin 100 km\/ 1 t 15 minuuttia 1.Aja Porvoon moottoritiet\u00e4 Helsingist\u00e4 it\u00e4\u00e4n 2.K\u00e4\u00e4nny Porvoon j\u00e4lkeen 6-tielle (viitta: Kouvola) 3.Aja 6-tiet\u00e4 noin 19 km, k\u00e4\u00e4nny vasemmalle (viitta: Porlammi) 4.Aja 10 km ja k\u00e4\u00e4nny oikealle (viitta: Artj\u00e4rvi) 5.Aja 8 km ja k\u00e4\u00e4nny oikealle T\u00f6yryl\u00e4\u00e4n (Sibelius muistomerkin kyltti ja [&hellip;]<\/p>\n","protected":false},"author":1,"featured_media":0,"parent":0,"menu_order":0,"comment_status":"closed","ping_status":"closed","template":"","meta":[],"_links":{"self":[{"href":"https:\/\/toyrylankartano.fi\/fi\/wp-json\/wp\/v2\/pages\/254"}],"collection":[{"href":"https:\/\/toyrylankartano.fi\/fi\/wp-json\/wp\/v2\/pages"}],"about":[{"href":"https:\/\/toyrylankartano.fi\/fi\/wp-json\/wp\/v2\/types\/page"}],"author":[{"embeddable":true,"href":"https:\/\/toyrylankartano.fi\/fi\/wp-json\/wp\/v2\/users\/1"}],"replies":[{"embeddable":true,"href":"https:\/\/toyrylankartano.fi\/fi\/wp-json\/wp\/v2\/comments?post=254"}],"version-history":[{"count":3,"href":"https:\/\/toyrylankartano.fi\/fi\/wp-json\/wp\/v2\/pages\/254\/revisions"}],"predecessor-version":[{"id":257,"href":"https:\/\/toyrylankartano.fi\/fi\/wp-json\/wp\/v2\/pages\/254\/revisions\/257"}],"wp:attachment":[{"href":"https:\/\/toyrylankartano.fi\/fi\/wp-json\/wp\/v2\/media?parent=254"}],"curies":[{"name":"wp","href":"https:\/\/api.w.org\/{rel}","templated":true}]}}