{"id":221,"date":"2019-11-25T15:46:36","date_gmt":"2019-11-25T15:46:36","guid":{"rendered":"http:\/\/toyrylankartano.fi\/?page_id=221"},"modified":"2019-12-06T14:29:21","modified_gmt":"2019-12-06T14:29:21","slug":"juhlat-ja-ravintola","status":"publish","type":"page","link":"https:\/\/toyrylankartano.fi\/fi\/juhlat-ja-ravintola\/","title":{"rendered":"JUHLAT JA RAVINTOLA"},"content":{"rendered":"<p><span style=\"color: #000000;\"><strong>Perhe- ja sukujuhlat; syntym\u00e4p\u00e4iv\u00e4t, risti\u00e4iset, h\u00e4\u00e4p\u00e4iv\u00e4t, muistotilaisuudet ja sukukokoukset. J\u00e4rjest\u00e4mme ammattitaidolla ja l\u00e4mm\u00f6ll\u00e4 niin pienet juhlat, kuin suuret vastaanotot.<\/strong><\/span><\/p>\n<p><span style=\"color: #000000;\"><strong>Ravintolamme<\/strong> (A-oik.) palvelee kaikkia majoittujia (lounas, illallinen, t\u00e4ysihoito) ja toimii tilausravintolana.<\/span><\/p>\n<h3><span style=\"color: #000000;\"><strong>Kartanon juhlaillallinen viime vuosisadan alun henkeen<\/strong><\/span><\/h3>\n<p><span style=\"color: #000000;\">Viet\u00e4 juhlat kartanossa kuin sata vuotta sitten. Ylellinen juhlaillallinen 6-22 henkil\u00f6lle vietet\u00e4\u00e4n vuosisadan alun henkeen kartanon ruokasalissa kristallikruunujen loisteessa. Alkupalat tarjoillaan cocktail-salongissa, jonka j\u00e4lkeen siirtyminen kynttil\u00f6in valaistuun ruokasaliin, jonne on katettu kartanon antiikkijuhlaposliinit ja tsaarinaikaiset p\u00f6yt\u00e4hopeat.<\/span><\/p>\n<h3><span style=\"color: #000000;\">Kartanoh\u00e4\u00e4t<\/span><\/h3>\n<p><span style=\"color: #000000;\">Ty\u00f6yryl\u00e4n kartano tarjoaa erinomaiset puitteet perinteisiin h\u00e4ihin. Vihkitilaisuus voi olla joko kyl\u00e4n vanhassa ihastuttavassa kirkossa tai t\u00e4\u00e4ll\u00e4 kartanolla. Pyyd\u00e4 tarjousta ja tule tutustumaan h\u00e4\u00e4tilaisuuden j\u00e4rjest\u00e4miseksi.\u00a0<\/span><\/p>\n\n\n<div class=\"wp-block-envira-envira-gallery\"><div id=\"envira-gallery-wrap-230\" class=\"envira-gallery-wrap envira-gallery-theme-base envira-lightbox-theme-base\" itemscope itemtype=\"https:\/\/schema.org\/ImageGallery\"><div data-row-height=\"150\" data-gallery-theme=\"normal\" id=\"envira-gallery-230\" class=\"envira-gallery-public envira-gallery-justified-public envira-gallery-0-columns envira-clear enviratope envira-gallery-css-animations\" data-envira-columns=\"0\"><div id=\"envira-gallery-item-223\" class=\"envira-gallery-item enviratope-item envira-gallery-item-1 envira-lazy-load\" style=\"padding-left: 1px; padding-bottom: 1px; padding-right: 1px;\"  itemscope itemtype=\"https:\/\/schema.org\/ImageObject\"><div class=\"envira-gallery-item-inner\"><div class=\"envira-gallery-position-overlay  envira-gallery-top-left\"><\/div><div class=\"envira-gallery-position-overlay  envira-gallery-top-right\"><\/div><div class=\"envira-gallery-position-overlay  envira-gallery-bottom-left\"><\/div><div class=\"envira-gallery-position-overlay  envira-gallery-bottom-right\"><\/div><a href=\"http:\/\/toyrylankartano.fi\/wp-content\/uploads\/2019\/11\/17811385.jpg\" class=\"envira-gallery-230 envira-gallery-link\" rel=\"enviragallery230\" title=\"\" data-envira-caption=\"\" data-envira-retina=\"\" data-thumbnail=\"\"  itemprop=\"contentUrl\"><img id=\"envira-gallery-image-223\" class=\"envira-gallery-image envira-gallery-image-1 envira-normal envira-lazy\" data-envira-index=\"1\" src=\"https:\/\/toyrylankartano.fi\/wp-content\/uploads\/2019\/11\/17811385.jpg\" data-envira-src=\"https:\/\/toyrylankartano.fi\/wp-content\/uploads\/2019\/11\/17811385.jpg\" data-envira-gallery-id=\"230\" data-envira-item-id=\"223\" data-envira-caption=\"\" alt=\"\" title=\"\"  itemprop=\"thumbnailUrl\" data-envira-srcset=\"https:\/\/toyrylankartano.fi\/wp-content\/uploads\/2019\/11\/17811385.jpg 400w,https:\/\/toyrylankartano.fi\/wp-content\/uploads\/2019\/11\/17811385.jpg 2x\" data-envira-width=\"239\" data-envira-height=\"300\" srcset=\"data:image\/gif;base64,R0lGODlhAQABAIAAAP\/\/\/\/\/\/\/yH5BAEKAAEALAAAAAABAAEAAAICTAEAOw==\" data-safe-src=\"data:image\/gif;base64,R0lGODlhAQABAIAAAP\/\/\/\/\/\/\/yH5BAEKAAEALAAAAAABAAEAAAICTAEAOw==\" \/><\/a><\/div><\/div><div id=\"envira-gallery-item-368\" class=\"envira-gallery-item enviratope-item envira-gallery-item-2 envira-lazy-load\" style=\"padding-left: 1px; padding-bottom: 1px; padding-right: 1px;\"  itemscope itemtype=\"https:\/\/schema.org\/ImageObject\"><div class=\"envira-gallery-item-inner\"><div class=\"envira-gallery-position-overlay  envira-gallery-top-left\"><\/div><div class=\"envira-gallery-position-overlay  envira-gallery-top-right\"><\/div><div class=\"envira-gallery-position-overlay  envira-gallery-bottom-left\"><\/div><div class=\"envira-gallery-position-overlay  envira-gallery-bottom-right\"><\/div><a href=\"http:\/\/toyrylankartano.fi\/wp-content\/uploads\/2019\/11\/LakesideTerrace1-scaled.jpg\" class=\"envira-gallery-230 envira-gallery-link\" rel=\"enviragallery230\" title=\"\" data-envira-caption=\"\" data-envira-retina=\"\" data-thumbnail=\"\"  itemprop=\"contentUrl\"><img id=\"envira-gallery-image-368\" class=\"envira-gallery-image envira-gallery-image-2 envira-normal envira-lazy\" data-envira-index=\"2\" src=\"https:\/\/toyrylankartano.fi\/wp-content\/uploads\/2019\/11\/LakesideTerrace1-1024x765.jpg\" data-envira-src=\"https:\/\/toyrylankartano.fi\/wp-content\/uploads\/2019\/11\/LakesideTerrace1-1024x765.jpg\" data-envira-gallery-id=\"230\" data-envira-item-id=\"368\" data-envira-caption=\"\" alt=\"\" title=\"\"  itemprop=\"thumbnailUrl\" data-envira-srcset=\"https:\/\/toyrylankartano.fi\/wp-content\/uploads\/2019\/11\/LakesideTerrace1-1024x765.jpg 400w,https:\/\/toyrylankartano.fi\/wp-content\/uploads\/2019\/11\/LakesideTerrace1-1024x765.jpg 2x\" data-envira-width=\"300\" data-envira-height=\"224\" srcset=\"data:image\/gif;base64,R0lGODlhAQABAIAAAP\/\/\/\/\/\/\/yH5BAEKAAEALAAAAAABAAEAAAICTAEAOw==\" data-safe-src=\"data:image\/gif;base64,R0lGODlhAQABAIAAAP\/\/\/\/\/\/\/yH5BAEKAAEALAAAAAABAAEAAAICTAEAOw==\" \/><\/a><\/div><\/div><div id=\"envira-gallery-item-369\" class=\"envira-gallery-item enviratope-item envira-gallery-item-3 envira-lazy-load\" style=\"padding-left: 1px; padding-bottom: 1px; padding-right: 1px;\"  itemscope itemtype=\"https:\/\/schema.org\/ImageObject\"><div class=\"envira-gallery-item-inner\"><div class=\"envira-gallery-position-overlay  envira-gallery-top-left\"><\/div><div class=\"envira-gallery-position-overlay  envira-gallery-top-right\"><\/div><div class=\"envira-gallery-position-overlay  envira-gallery-bottom-left\"><\/div><div class=\"envira-gallery-position-overlay  envira-gallery-bottom-right\"><\/div><a href=\"http:\/\/toyrylankartano.fi\/wp-content\/uploads\/2019\/11\/11Buffet2-scaled.jpg\" class=\"envira-gallery-230 envira-gallery-link\" rel=\"enviragallery230\" title=\"\" data-envira-caption=\"\" data-envira-retina=\"\" data-thumbnail=\"\"  itemprop=\"contentUrl\"><img id=\"envira-gallery-image-369\" class=\"envira-gallery-image envira-gallery-image-3 envira-normal envira-lazy\" data-envira-index=\"3\" src=\"https:\/\/toyrylankartano.fi\/wp-content\/uploads\/2019\/11\/11Buffet2-1024x768.jpg\" data-envira-src=\"https:\/\/toyrylankartano.fi\/wp-content\/uploads\/2019\/11\/11Buffet2-1024x768.jpg\" data-envira-gallery-id=\"230\" data-envira-item-id=\"369\" data-envira-caption=\"\" alt=\"\" title=\"\"  itemprop=\"thumbnailUrl\" data-envira-srcset=\"https:\/\/toyrylankartano.fi\/wp-content\/uploads\/2019\/11\/11Buffet2-1024x768.jpg 400w,https:\/\/toyrylankartano.fi\/wp-content\/uploads\/2019\/11\/11Buffet2-1024x768.jpg 2x\" data-envira-width=\"300\" data-envira-height=\"225\" srcset=\"data:image\/gif;base64,R0lGODlhAQABAIAAAP\/\/\/\/\/\/\/yH5BAEKAAEALAAAAAABAAEAAAICTAEAOw==\" data-safe-src=\"data:image\/gif;base64,R0lGODlhAQABAIAAAP\/\/\/\/\/\/\/yH5BAEKAAEALAAAAAABAAEAAAICTAEAOw==\" \/><\/a><\/div><\/div><div id=\"envira-gallery-item-370\" class=\"envira-gallery-item enviratope-item envira-gallery-item-4 envira-lazy-load\" style=\"padding-left: 1px; padding-bottom: 1px; padding-right: 1px;\"  itemscope itemtype=\"https:\/\/schema.org\/ImageObject\"><div class=\"envira-gallery-item-inner\"><div class=\"envira-gallery-position-overlay  envira-gallery-top-left\"><\/div><div class=\"envira-gallery-position-overlay  envira-gallery-top-right\"><\/div><div class=\"envira-gallery-position-overlay  envira-gallery-bottom-left\"><\/div><div class=\"envira-gallery-position-overlay  envira-gallery-bottom-right\"><\/div><a href=\"http:\/\/toyrylankartano.fi\/wp-content\/uploads\/2019\/11\/11Buffet4-scaled.jpg\" class=\"envira-gallery-230 envira-gallery-link\" rel=\"enviragallery230\" title=\"\" data-envira-caption=\"\" data-envira-retina=\"\" data-thumbnail=\"\"  itemprop=\"contentUrl\"><img id=\"envira-gallery-image-370\" class=\"envira-gallery-image envira-gallery-image-4 envira-normal envira-lazy\" data-envira-index=\"4\" src=\"https:\/\/toyrylankartano.fi\/wp-content\/uploads\/2019\/11\/11Buffet4-1024x673.jpg\" data-envira-src=\"https:\/\/toyrylankartano.fi\/wp-content\/uploads\/2019\/11\/11Buffet4-1024x673.jpg\" data-envira-gallery-id=\"230\" data-envira-item-id=\"370\" data-envira-caption=\"\" alt=\"\" title=\"\"  itemprop=\"thumbnailUrl\" data-envira-srcset=\"https:\/\/toyrylankartano.fi\/wp-content\/uploads\/2019\/11\/11Buffet4-1024x673.jpg 400w,https:\/\/toyrylankartano.fi\/wp-content\/uploads\/2019\/11\/11Buffet4-1024x673.jpg 2x\" data-envira-width=\"300\" data-envira-height=\"197\" srcset=\"data:image\/gif;base64,R0lGODlhAQABAIAAAP\/\/\/\/\/\/\/yH5BAEKAAEALAAAAAABAAEAAAICTAEAOw==\" data-safe-src=\"data:image\/gif;base64,R0lGODlhAQABAIAAAP\/\/\/\/\/\/\/yH5BAEKAAEALAAAAAABAAEAAAICTAEAOw==\" \/><\/a><\/div><\/div><div id=\"envira-gallery-item-367\" class=\"envira-gallery-item enviratope-item envira-gallery-item-5 envira-lazy-load\" style=\"padding-left: 1px; padding-bottom: 1px; padding-right: 1px;\"  itemscope itemtype=\"https:\/\/schema.org\/ImageObject\"><div class=\"envira-gallery-item-inner\"><div class=\"envira-gallery-position-overlay  envira-gallery-top-left\"><\/div><div class=\"envira-gallery-position-overlay  envira-gallery-top-right\"><\/div><div class=\"envira-gallery-position-overlay  envira-gallery-bottom-left\"><\/div><div class=\"envira-gallery-position-overlay  envira-gallery-bottom-right\"><\/div><a href=\"http:\/\/toyrylankartano.fi\/wp-content\/uploads\/2019\/11\/11Kakkukattaus.jpg\" class=\"envira-gallery-230 envira-gallery-link\" rel=\"enviragallery230\" title=\"\" data-envira-caption=\"\" data-envira-retina=\"\" data-thumbnail=\"\"  itemprop=\"contentUrl\"><img id=\"envira-gallery-image-367\" class=\"envira-gallery-image envira-gallery-image-5 envira-normal envira-lazy\" data-envira-index=\"5\" src=\"https:\/\/toyrylankartano.fi\/wp-content\/uploads\/2019\/11\/11Kakkukattaus.jpg\" data-envira-src=\"https:\/\/toyrylankartano.fi\/wp-content\/uploads\/2019\/11\/11Kakkukattaus.jpg\" data-envira-gallery-id=\"230\" data-envira-item-id=\"367\" data-envira-caption=\"\" alt=\"\" title=\"\"  itemprop=\"thumbnailUrl\" data-envira-srcset=\"https:\/\/toyrylankartano.fi\/wp-content\/uploads\/2019\/11\/11Kakkukattaus.jpg 400w,https:\/\/toyrylankartano.fi\/wp-content\/uploads\/2019\/11\/11Kakkukattaus.jpg 2x\" data-envira-width=\"225\" data-envira-height=\"300\" srcset=\"data:image\/gif;base64,R0lGODlhAQABAIAAAP\/\/\/\/\/\/\/yH5BAEKAAEALAAAAAABAAEAAAICTAEAOw==\" data-safe-src=\"data:image\/gif;base64,R0lGODlhAQABAIAAAP\/\/\/\/\/\/\/yH5BAEKAAEALAAAAAABAAEAAAICTAEAOw==\" \/><\/a><\/div><\/div><div id=\"envira-gallery-item-224\" class=\"envira-gallery-item enviratope-item envira-gallery-item-6 envira-lazy-load\" style=\"padding-left: 1px; padding-bottom: 1px; padding-right: 1px;\"  itemscope itemtype=\"https:\/\/schema.org\/ImageObject\"><div class=\"envira-gallery-item-inner\"><div class=\"envira-gallery-position-overlay  envira-gallery-top-left\"><\/div><div class=\"envira-gallery-position-overlay  envira-gallery-top-right\"><\/div><div class=\"envira-gallery-position-overlay  envira-gallery-bottom-left\"><\/div><div class=\"envira-gallery-position-overlay  envira-gallery-bottom-right\"><\/div><a href=\"http:\/\/toyrylankartano.fi\/wp-content\/uploads\/2019\/11\/17811391.jpg\" class=\"envira-gallery-230 envira-gallery-link\" rel=\"enviragallery230\" title=\"\" data-envira-caption=\"\" data-envira-retina=\"\" data-thumbnail=\"\"  itemprop=\"contentUrl\"><img id=\"envira-gallery-image-224\" class=\"envira-gallery-image envira-gallery-image-6 envira-normal envira-lazy\" data-envira-index=\"6\" src=\"https:\/\/toyrylankartano.fi\/wp-content\/uploads\/2019\/11\/17811391.jpg\" data-envira-src=\"https:\/\/toyrylankartano.fi\/wp-content\/uploads\/2019\/11\/17811391.jpg\" data-envira-gallery-id=\"230\" data-envira-item-id=\"224\" data-envira-caption=\"\" alt=\"\" title=\"\"  itemprop=\"thumbnailUrl\" data-envira-srcset=\"https:\/\/toyrylankartano.fi\/wp-content\/uploads\/2019\/11\/17811391.jpg 400w,https:\/\/toyrylankartano.fi\/wp-content\/uploads\/2019\/11\/17811391.jpg 2x\" data-envira-width=\"241\" data-envira-height=\"300\" srcset=\"data:image\/gif;base64,R0lGODlhAQABAIAAAP\/\/\/\/\/\/\/yH5BAEKAAEALAAAAAABAAEAAAICTAEAOw==\" data-safe-src=\"data:image\/gif;base64,R0lGODlhAQABAIAAAP\/\/\/\/\/\/\/yH5BAEKAAEALAAAAAABAAEAAAICTAEAOw==\" \/><\/a><\/div><\/div><div id=\"envira-gallery-item-372\" class=\"envira-gallery-item enviratope-item envira-gallery-item-7 envira-lazy-load\" style=\"padding-left: 1px; padding-bottom: 1px; padding-right: 1px;\"  itemscope itemtype=\"https:\/\/schema.org\/ImageObject\"><div class=\"envira-gallery-item-inner\"><div class=\"envira-gallery-position-overlay  envira-gallery-top-left\"><\/div><div class=\"envira-gallery-position-overlay  envira-gallery-top-right\"><\/div><div class=\"envira-gallery-position-overlay  envira-gallery-bottom-left\"><\/div><div class=\"envira-gallery-position-overlay  envira-gallery-bottom-right\"><\/div><a href=\"http:\/\/toyrylankartano.fi\/wp-content\/uploads\/2019\/11\/11Buffet-1-scaled.jpg\" class=\"envira-gallery-230 envira-gallery-link\" rel=\"enviragallery230\" title=\"\" data-envira-caption=\"\" data-envira-retina=\"\" data-thumbnail=\"\"  itemprop=\"contentUrl\"><img id=\"envira-gallery-image-372\" class=\"envira-gallery-image envira-gallery-image-7 envira-normal envira-lazy\" data-envira-index=\"7\" src=\"https:\/\/toyrylankartano.fi\/wp-content\/uploads\/2019\/11\/11Buffet-1-1024x768.jpg\" data-envira-src=\"https:\/\/toyrylankartano.fi\/wp-content\/uploads\/2019\/11\/11Buffet-1-1024x768.jpg\" data-envira-gallery-id=\"230\" data-envira-item-id=\"372\" data-envira-caption=\"\" alt=\"\" title=\"\"  itemprop=\"thumbnailUrl\" data-envira-srcset=\"https:\/\/toyrylankartano.fi\/wp-content\/uploads\/2019\/11\/11Buffet-1-1024x768.jpg 400w,https:\/\/toyrylankartano.fi\/wp-content\/uploads\/2019\/11\/11Buffet-1-1024x768.jpg 2x\" data-envira-width=\"300\" data-envira-height=\"225\" srcset=\"data:image\/gif;base64,R0lGODlhAQABAIAAAP\/\/\/\/\/\/\/yH5BAEKAAEALAAAAAABAAEAAAICTAEAOw==\" data-safe-src=\"data:image\/gif;base64,R0lGODlhAQABAIAAAP\/\/\/\/\/\/\/yH5BAEKAAEALAAAAAABAAEAAAICTAEAOw==\" \/><\/a><\/div><\/div><\/div><\/div><noscript><img src=\"https:\/\/toyrylankartano.fi\/wp-content\/uploads\/2019\/11\/17811385.jpg\" alt=\"\" \/><img src=\"https:\/\/toyrylankartano.fi\/wp-content\/uploads\/2019\/11\/LakesideTerrace1-scaled.jpg\" alt=\"\" \/><img src=\"https:\/\/toyrylankartano.fi\/wp-content\/uploads\/2019\/11\/11Buffet2-scaled.jpg\" alt=\"\" \/><img src=\"https:\/\/toyrylankartano.fi\/wp-content\/uploads\/2019\/11\/11Buffet4-scaled.jpg\" alt=\"\" \/><img src=\"https:\/\/toyrylankartano.fi\/wp-content\/uploads\/2019\/11\/11Kakkukattaus.jpg\" alt=\"\" \/><img src=\"https:\/\/toyrylankartano.fi\/wp-content\/uploads\/2019\/11\/17811391.jpg\" alt=\"\" \/><img src=\"https:\/\/toyrylankartano.fi\/wp-content\/uploads\/2019\/11\/11Buffet-1-scaled.jpg\" alt=\"\" \/><\/noscript><\/div>\n","protected":false},"excerpt":{"rendered":"<p>Perhe- ja sukujuhlat; syntym\u00e4p\u00e4iv\u00e4t, risti\u00e4iset, h\u00e4\u00e4p\u00e4iv\u00e4t, muistotilaisuudet ja sukukokoukset. J\u00e4rjest\u00e4mme ammattitaidolla ja l\u00e4mm\u00f6ll\u00e4 niin pienet juhlat, kuin suuret vastaanotot. Ravintolamme (A-oik.) palvelee kaikkia majoittujia (lounas, illallinen, t\u00e4ysihoito) ja toimii tilausravintolana. Kartanon juhlaillallinen viime vuosisadan alun henkeen Viet\u00e4 juhlat kartanossa kuin sata vuotta sitten. Ylellinen juhlaillallinen 6-22 henkil\u00f6lle vietet\u00e4\u00e4n vuosisadan alun henkeen kartanon ruokasalissa kristallikruunujen loisteessa. [&hellip;]<\/p>\n","protected":false},"author":1,"featured_media":0,"parent":0,"menu_order":0,"comment_status":"closed","ping_status":"closed","template":"","meta":[],"_links":{"self":[{"href":"https:\/\/toyrylankartano.fi\/fi\/wp-json\/wp\/v2\/pages\/221"}],"collection":[{"href":"https:\/\/toyrylankartano.fi\/fi\/wp-json\/wp\/v2\/pages"}],"about":[{"href":"https:\/\/toyrylankartano.fi\/fi\/wp-json\/wp\/v2\/types\/page"}],"author":[{"embeddable":true,"href":"https:\/\/toyrylankartano.fi\/fi\/wp-json\/wp\/v2\/users\/1"}],"replies":[{"embeddable":true,"href":"https:\/\/toyrylankartano.fi\/fi\/wp-json\/wp\/v2\/comments?post=221"}],"version-history":[{"count":7,"href":"https:\/\/toyrylankartano.fi\/fi\/wp-json\/wp\/v2\/pages\/221\/revisions"}],"predecessor-version":[{"id":324,"href":"https:\/\/toyrylankartano.fi\/fi\/wp-json\/wp\/v2\/pages\/221\/revisions\/324"}],"wp:attachment":[{"href":"https:\/\/toyrylankartano.fi\/fi\/wp-json\/wp\/v2\/media?parent=221"}],"curies":[{"name":"wp","href":"https:\/\/api.w.org\/{rel}","templated":true}]}}