{"id":202,"date":"2019-11-25T15:34:54","date_gmt":"2019-11-25T15:34:54","guid":{"rendered":"http:\/\/toyrylankartano.fi\/?page_id=202"},"modified":"2022-12-16T17:11:29","modified_gmt":"2022-12-16T15:11:29","slug":"majoitus","status":"publish","type":"page","link":"https:\/\/toyrylankartano.fi\/fi\/majoitus\/","title":{"rendered":"MAJOITUS"},"content":{"rendered":"<div id=\"id2\" class=\"style_SkipStroke_2 shape-with-text\">\n<div class=\"text-content graphic_shape_layout_style_default_External_844_797\">\n<div class=\"graphic_shape_layout_style_default\">&nbsp;<\/div>\n<\/div>\n<\/div>\n<div id=\"id3\" class=\"style_SkipStroke_3 shape-with-text\">\n<div class=\"text-content graphic_shape_layout_style_default_External_154_797\">\n<div class=\"graphic_shape_layout_style_default\"><span style=\"color: #000000;\"><strong><span class=\"style_1\">Avatessani kotini kokous- ja majoitustoimintaan<\/span><\/strong>, poikkeaa T\u00f6yryl\u00e4n kartanohotelli majoituksen liiketoimintaidealtaan (=house-guest) ja upeine interi\u00f6\u00f6reineen muista kartanohotelleista Suomessa.<\/span><\/div>\n<\/div>\n<\/div>\n<div id=\"id4\" class=\"style_SkipStroke_4 shape-with-text\">\n<div class=\"text-content graphic_textbox_layout_style_default_External_844_778\">\n<div class=\"graphic_textbox_layout_style_default\">\n<p class=\"paragraph_style_2\"><span style=\"color: #000000;\">House-guest majoitus tarkoittaa, ett\u00e4 kaikki T\u00f6yryl\u00e4n tilat keitti\u00f6st\u00e4 ja kirjastosta kauniisiin saleihin ovat k\u00e4yt\u00f6ss\u00e4nne, kuin olisitte hyv\u00e4n yst\u00e4v\u00e4n maaseutukartanossa vierailulla. Tasokkaat vierashuoneet ovat tietysti privaattialuettanne kuten hotellissa.<\/span><\/p>\n<p style=\"color: #000000;\"><strong>Kartano on avoinna tilaisuuksiin ja juhliin ymp\u00e4ri vuoden, samoin hotellimme ryhmille. Yksitt\u00e4isten hotellihuoneiden varaus on avoinna kes\u00e4kaudella 19.5-10.9 v\u00e4lisen ajan.<\/strong><\/p>\n<h3 class=\"paragraph_style_3\"><span style=\"color: #000000;\"><strong>Huoneet<\/strong><\/span><\/h3>\n<p class=\"paragraph_style_2\"><span style=\"color: #000000;\">Kuusi vierashuonettamme sijaitsee kartanon toisessa kerroksessa. Kaikki vieh\u00e4tt\u00e4v\u00e4t vierashuoneet ovat erilaisia ja tyylikk\u00e4\u00e4sti sisustettuja kartanohenkeen aidolla antiikilla. Kaikissa huoneissa on TV, marmorilaatoitettu kylpyhuone lattial\u00e4mmityksell\u00e4 (WC, suihku tai kylpyamme). Lis\u00e4ksi kes\u00e4sesongilla on romanttisia aittavierashuoneita piharakennuksissa. <\/span><span style=\"color: #000000;\">Kartanoaamiainen kuuluu huonehintaan.<\/span><\/p>\n<\/div>\n<\/div>\n<\/div>\n\n\n<a title=\"VARAA MAJOITUS\" class=\"header-button-tree\" href=\"https:\/\/www.booking.com\/hotel\/fi\/toyrylan-manor.en-gb.html?label=gen173nr-1DCAEoggI46AdIM1gEaEiIAQGYAQm4ARfIAQzYAQPoAQGIAgGoAgO4AuOS7-4FwAIB;sid=ff81ff330209d638ae2267d5dd4454db;dest_id=-1362147;dest_type=city;dist=0;group_adults=2;group_children=0;hapos=1;hpos=1;no_rooms=1;room1=A%2CA;sb_price_type=total;sr_order=popularity;srepoch=1574685037;srpvid=1da157f6e33f008f;type=total;ucfs=1&amp;#hotelTmpl\" target=\"_blank\" rel=\"noopener noreferrer\">VARAA MAJOITUS<\/a> <br><br>\n\n\n\n<div id=\"envira-gallery-wrap-204\" class=\"envira-gallery-wrap envira-gallery-theme-base envira-lightbox-theme-base\" itemscope itemtype=\"https:\/\/schema.org\/ImageGallery\"><div data-row-height=\"150\" data-gallery-theme=\"normal\" id=\"envira-gallery-204\" class=\"envira-gallery-public envira-gallery-justified-public envira-gallery-0-columns envira-clear enviratope envira-gallery-css-animations\" data-envira-columns=\"0\"><div id=\"envira-gallery-item-354\" class=\"envira-gallery-item enviratope-item envira-gallery-item-1 envira-lazy-load\" style=\"padding-left: 5px; padding-bottom: 10px; padding-right: 5px;\"  itemscope itemtype=\"https:\/\/schema.org\/ImageObject\"><div class=\"envira-gallery-item-inner\"><div class=\"envira-gallery-position-overlay  envira-gallery-top-left\"><\/div><div class=\"envira-gallery-position-overlay  envira-gallery-top-right\"><\/div><div class=\"envira-gallery-position-overlay  envira-gallery-bottom-left\"><\/div><div class=\"envira-gallery-position-overlay  envira-gallery-bottom-right\"><\/div><a href=\"https:\/\/toyrylankartano.fi\/wp-content\/uploads\/2019\/11\/6Suite6e-768x576.jpg\" class=\"envira-gallery-204 envira-gallery-link\" rel=\"enviragallery204\" title=\"\" data-envira-caption=\"\" data-envira-retina=\"\" data-thumbnail=\"\"  itemprop=\"contentUrl\"><img id=\"envira-gallery-image-354\" class=\"envira-gallery-image envira-gallery-image-1 envira-normal envira-lazy\" data-envira-index=\"1\" src=\"https:\/\/toyrylankartano.fi\/wp-content\/uploads\/2019\/11\/6Suite6e-1024x768.jpg\" data-envira-src=\"https:\/\/toyrylankartano.fi\/wp-content\/uploads\/2019\/11\/6Suite6e-1024x768.jpg\" data-envira-gallery-id=\"204\" data-envira-item-id=\"354\" data-envira-caption=\"\" alt=\"\" title=\"\"  itemprop=\"thumbnailUrl\" data-envira-srcset=\"https:\/\/toyrylankartano.fi\/wp-content\/uploads\/2019\/11\/6Suite6e-1024x768.jpg 400w,https:\/\/toyrylankartano.fi\/wp-content\/uploads\/2019\/11\/6Suite6e-1024x768.jpg 2x\" data-envira-width=\"300\" data-envira-height=\"225\" srcset=\"data:image\/gif;base64,R0lGODlhAQABAIAAAP\/\/\/\/\/\/\/yH5BAEKAAEALAAAAAABAAEAAAICTAEAOw==\" data-safe-src=\"data:image\/gif;base64,R0lGODlhAQABAIAAAP\/\/\/\/\/\/\/yH5BAEKAAEALAAAAAABAAEAAAICTAEAOw==\" \/><\/a><\/div><\/div><div id=\"envira-gallery-item-355\" class=\"envira-gallery-item enviratope-item envira-gallery-item-2 envira-lazy-load\" style=\"padding-left: 5px; padding-bottom: 10px; padding-right: 5px;\"  itemscope itemtype=\"https:\/\/schema.org\/ImageObject\"><div class=\"envira-gallery-item-inner\"><div class=\"envira-gallery-position-overlay  envira-gallery-top-left\"><\/div><div class=\"envira-gallery-position-overlay  envira-gallery-top-right\"><\/div><div class=\"envira-gallery-position-overlay  envira-gallery-bottom-left\"><\/div><div class=\"envira-gallery-position-overlay  envira-gallery-bottom-right\"><\/div><a href=\"https:\/\/toyrylankartano.fi\/wp-content\/uploads\/2019\/11\/6Suite6B-768x512.jpg\" class=\"envira-gallery-204 envira-gallery-link\" rel=\"enviragallery204\" title=\"\" data-envira-caption=\"\" data-envira-retina=\"\" data-thumbnail=\"\"  itemprop=\"contentUrl\"><img id=\"envira-gallery-image-355\" class=\"envira-gallery-image envira-gallery-image-2 envira-normal envira-lazy\" data-envira-index=\"2\" src=\"https:\/\/toyrylankartano.fi\/wp-content\/uploads\/2019\/11\/6Suite6B-1024x683.jpg\" data-envira-src=\"https:\/\/toyrylankartano.fi\/wp-content\/uploads\/2019\/11\/6Suite6B-1024x683.jpg\" data-envira-gallery-id=\"204\" data-envira-item-id=\"355\" data-envira-caption=\"\" alt=\"\" title=\"\"  itemprop=\"thumbnailUrl\" data-envira-srcset=\"https:\/\/toyrylankartano.fi\/wp-content\/uploads\/2019\/11\/6Suite6B-1024x683.jpg 400w,https:\/\/toyrylankartano.fi\/wp-content\/uploads\/2019\/11\/6Suite6B-1024x683.jpg 2x\" data-envira-width=\"300\" data-envira-height=\"200\" srcset=\"data:image\/gif;base64,R0lGODlhAQABAIAAAP\/\/\/\/\/\/\/yH5BAEKAAEALAAAAAABAAEAAAICTAEAOw==\" data-safe-src=\"data:image\/gif;base64,R0lGODlhAQABAIAAAP\/\/\/\/\/\/\/yH5BAEKAAEALAAAAAABAAEAAAICTAEAOw==\" \/><\/a><\/div><\/div><div id=\"envira-gallery-item-356\" class=\"envira-gallery-item enviratope-item envira-gallery-item-3 envira-lazy-load\" style=\"padding-left: 5px; padding-bottom: 10px; padding-right: 5px;\"  itemscope itemtype=\"https:\/\/schema.org\/ImageObject\"><div class=\"envira-gallery-item-inner\"><div class=\"envira-gallery-position-overlay  envira-gallery-top-left\"><\/div><div class=\"envira-gallery-position-overlay  envira-gallery-top-right\"><\/div><div class=\"envira-gallery-position-overlay  envira-gallery-bottom-left\"><\/div><div class=\"envira-gallery-position-overlay  envira-gallery-bottom-right\"><\/div><a href=\"https:\/\/toyrylankartano.fi\/wp-content\/uploads\/2019\/11\/5TwinBathC-768x1024.jpg\" class=\"envira-gallery-204 envira-gallery-link\" rel=\"enviragallery204\" title=\"\" data-envira-caption=\"\" data-envira-retina=\"\" data-thumbnail=\"\"  itemprop=\"contentUrl\"><img id=\"envira-gallery-image-356\" class=\"envira-gallery-image envira-gallery-image-3 envira-normal envira-lazy\" data-envira-index=\"3\" src=\"https:\/\/toyrylankartano.fi\/wp-content\/uploads\/2019\/11\/5TwinBathC-768x1024.jpg\" data-envira-src=\"https:\/\/toyrylankartano.fi\/wp-content\/uploads\/2019\/11\/5TwinBathC-768x1024.jpg\" data-envira-gallery-id=\"204\" data-envira-item-id=\"356\" data-envira-caption=\"\" alt=\"\" title=\"\"  itemprop=\"thumbnailUrl\" data-envira-srcset=\"https:\/\/toyrylankartano.fi\/wp-content\/uploads\/2019\/11\/5TwinBathC-768x1024.jpg 400w,https:\/\/toyrylankartano.fi\/wp-content\/uploads\/2019\/11\/5TwinBathC-768x1024.jpg 2x\" data-envira-width=\"225\" data-envira-height=\"300\" srcset=\"data:image\/gif;base64,R0lGODlhAQABAIAAAP\/\/\/\/\/\/\/yH5BAEKAAEALAAAAAABAAEAAAICTAEAOw==\" data-safe-src=\"data:image\/gif;base64,R0lGODlhAQABAIAAAP\/\/\/\/\/\/\/yH5BAEKAAEALAAAAAABAAEAAAICTAEAOw==\" \/><\/a><\/div><\/div><div id=\"envira-gallery-item-359\" class=\"envira-gallery-item enviratope-item envira-gallery-item-4 envira-lazy-load\" style=\"padding-left: 5px; padding-bottom: 10px; padding-right: 5px;\"  itemscope itemtype=\"https:\/\/schema.org\/ImageObject\"><div class=\"envira-gallery-item-inner\"><div class=\"envira-gallery-position-overlay  envira-gallery-top-left\"><\/div><div class=\"envira-gallery-position-overlay  envira-gallery-top-right\"><\/div><div class=\"envira-gallery-position-overlay  envira-gallery-bottom-left\"><\/div><div class=\"envira-gallery-position-overlay  envira-gallery-bottom-right\"><\/div><a href=\"https:\/\/toyrylankartano.fi\/wp-content\/uploads\/2019\/11\/Suite1-768x512.png\" class=\"envira-gallery-204 envira-gallery-link\" rel=\"enviragallery204\" title=\"\" data-envira-caption=\"\" data-envira-retina=\"\" data-thumbnail=\"\"  itemprop=\"contentUrl\"><img id=\"envira-gallery-image-359\" class=\"envira-gallery-image envira-gallery-image-4 envira-normal envira-lazy\" data-envira-index=\"4\" src=\"https:\/\/toyrylankartano.fi\/wp-content\/uploads\/2019\/11\/Suite1-1024x682.png\" data-envira-src=\"https:\/\/toyrylankartano.fi\/wp-content\/uploads\/2019\/11\/Suite1-1024x682.png\" data-envira-gallery-id=\"204\" data-envira-item-id=\"359\" data-envira-caption=\"\" alt=\"\" title=\"\"  itemprop=\"thumbnailUrl\" data-envira-srcset=\"https:\/\/toyrylankartano.fi\/wp-content\/uploads\/2019\/11\/Suite1-1024x682.png 400w,https:\/\/toyrylankartano.fi\/wp-content\/uploads\/2019\/11\/Suite1-1024x682.png 2x\" data-envira-width=\"300\" data-envira-height=\"200\" srcset=\"data:image\/gif;base64,R0lGODlhAQABAIAAAP\/\/\/\/\/\/\/yH5BAEKAAEALAAAAAABAAEAAAICTAEAOw==\" data-safe-src=\"data:image\/gif;base64,R0lGODlhAQABAIAAAP\/\/\/\/\/\/\/yH5BAEKAAEALAAAAAABAAEAAAICTAEAOw==\" \/><\/a><\/div><\/div><div id=\"envira-gallery-item-357\" class=\"envira-gallery-item enviratope-item envira-gallery-item-5 envira-lazy-load\" style=\"padding-left: 5px; padding-bottom: 10px; padding-right: 5px;\"  itemscope itemtype=\"https:\/\/schema.org\/ImageObject\"><div class=\"envira-gallery-item-inner\"><div class=\"envira-gallery-position-overlay  envira-gallery-top-left\"><\/div><div class=\"envira-gallery-position-overlay  envira-gallery-top-right\"><\/div><div class=\"envira-gallery-position-overlay  envira-gallery-bottom-left\"><\/div><div class=\"envira-gallery-position-overlay  envira-gallery-bottom-right\"><\/div><a href=\"https:\/\/toyrylankartano.fi\/wp-content\/uploads\/2019\/11\/1Suite1Bath-768x1024.jpg\" class=\"envira-gallery-204 envira-gallery-link\" rel=\"enviragallery204\" title=\"\" data-envira-caption=\"\" data-envira-retina=\"\" data-thumbnail=\"\"  itemprop=\"contentUrl\"><img id=\"envira-gallery-image-357\" class=\"envira-gallery-image envira-gallery-image-5 envira-normal envira-lazy\" data-envira-index=\"5\" src=\"https:\/\/toyrylankartano.fi\/wp-content\/uploads\/2019\/11\/1Suite1Bath-768x1024.jpg\" data-envira-src=\"https:\/\/toyrylankartano.fi\/wp-content\/uploads\/2019\/11\/1Suite1Bath-768x1024.jpg\" data-envira-gallery-id=\"204\" data-envira-item-id=\"357\" data-envira-caption=\"\" alt=\"\" title=\"\"  itemprop=\"thumbnailUrl\" data-envira-srcset=\"https:\/\/toyrylankartano.fi\/wp-content\/uploads\/2019\/11\/1Suite1Bath-768x1024.jpg 400w,https:\/\/toyrylankartano.fi\/wp-content\/uploads\/2019\/11\/1Suite1Bath-768x1024.jpg 2x\" data-envira-width=\"225\" data-envira-height=\"300\" srcset=\"data:image\/gif;base64,R0lGODlhAQABAIAAAP\/\/\/\/\/\/\/yH5BAEKAAEALAAAAAABAAEAAAICTAEAOw==\" data-safe-src=\"data:image\/gif;base64,R0lGODlhAQABAIAAAP\/\/\/\/\/\/\/yH5BAEKAAEALAAAAAABAAEAAAICTAEAOw==\" \/><\/a><\/div><\/div><div id=\"envira-gallery-item-358\" class=\"envira-gallery-item enviratope-item envira-gallery-item-6 envira-lazy-load\" style=\"padding-left: 5px; padding-bottom: 10px; padding-right: 5px;\"  itemscope itemtype=\"https:\/\/schema.org\/ImageObject\"><div class=\"envira-gallery-item-inner\"><div class=\"envira-gallery-position-overlay  envira-gallery-top-left\"><\/div><div class=\"envira-gallery-position-overlay  envira-gallery-top-right\"><\/div><div class=\"envira-gallery-position-overlay  envira-gallery-bottom-left\"><\/div><div class=\"envira-gallery-position-overlay  envira-gallery-bottom-right\"><\/div><a href=\"https:\/\/toyrylankartano.fi\/wp-content\/uploads\/2019\/11\/1suite2-768x576.jpg\" class=\"envira-gallery-204 envira-gallery-link\" rel=\"enviragallery204\" title=\"\" data-envira-caption=\"\" data-envira-retina=\"\" data-thumbnail=\"\"  itemprop=\"contentUrl\"><img id=\"envira-gallery-image-358\" class=\"envira-gallery-image envira-gallery-image-6 envira-normal envira-lazy\" data-envira-index=\"6\" src=\"https:\/\/toyrylankartano.fi\/wp-content\/uploads\/2019\/11\/1suite2-1024x768.jpg\" data-envira-src=\"https:\/\/toyrylankartano.fi\/wp-content\/uploads\/2019\/11\/1suite2-1024x768.jpg\" data-envira-gallery-id=\"204\" data-envira-item-id=\"358\" data-envira-caption=\"\" alt=\"\" title=\"\"  itemprop=\"thumbnailUrl\" data-envira-srcset=\"https:\/\/toyrylankartano.fi\/wp-content\/uploads\/2019\/11\/1suite2-1024x768.jpg 400w,https:\/\/toyrylankartano.fi\/wp-content\/uploads\/2019\/11\/1suite2-1024x768.jpg 2x\" data-envira-width=\"300\" data-envira-height=\"225\" srcset=\"data:image\/gif;base64,R0lGODlhAQABAIAAAP\/\/\/\/\/\/\/yH5BAEKAAEALAAAAAABAAEAAAICTAEAOw==\" data-safe-src=\"data:image\/gif;base64,R0lGODlhAQABAIAAAP\/\/\/\/\/\/\/yH5BAEKAAEALAAAAAABAAEAAAICTAEAOw==\" \/><\/a><\/div><\/div><div id=\"envira-gallery-item-361\" class=\"envira-gallery-item enviratope-item envira-gallery-item-7 envira-lazy-load\" style=\"padding-left: 5px; padding-bottom: 10px; padding-right: 5px;\"  itemscope itemtype=\"https:\/\/schema.org\/ImageObject\"><div class=\"envira-gallery-item-inner\"><div class=\"envira-gallery-position-overlay  envira-gallery-top-left\"><\/div><div class=\"envira-gallery-position-overlay  envira-gallery-top-right\"><\/div><div class=\"envira-gallery-position-overlay  envira-gallery-bottom-left\"><\/div><div class=\"envira-gallery-position-overlay  envira-gallery-bottom-right\"><\/div><a href=\"https:\/\/toyrylankartano.fi\/wp-content\/uploads\/2019\/11\/Twin5-768x512.png\" class=\"envira-gallery-204 envira-gallery-link\" rel=\"enviragallery204\" title=\"\" data-envira-caption=\"\" data-envira-retina=\"\" data-thumbnail=\"\"  itemprop=\"contentUrl\"><img id=\"envira-gallery-image-361\" class=\"envira-gallery-image envira-gallery-image-7 envira-normal envira-lazy\" data-envira-index=\"7\" src=\"https:\/\/toyrylankartano.fi\/wp-content\/uploads\/2019\/11\/Twin5-1024x682.png\" data-envira-src=\"https:\/\/toyrylankartano.fi\/wp-content\/uploads\/2019\/11\/Twin5-1024x682.png\" data-envira-gallery-id=\"204\" data-envira-item-id=\"361\" data-envira-caption=\"\" alt=\"\" title=\"\"  itemprop=\"thumbnailUrl\" data-envira-srcset=\"https:\/\/toyrylankartano.fi\/wp-content\/uploads\/2019\/11\/Twin5-1024x682.png 400w,https:\/\/toyrylankartano.fi\/wp-content\/uploads\/2019\/11\/Twin5-1024x682.png 2x\" data-envira-width=\"300\" data-envira-height=\"200\" srcset=\"data:image\/gif;base64,R0lGODlhAQABAIAAAP\/\/\/\/\/\/\/yH5BAEKAAEALAAAAAABAAEAAAICTAEAOw==\" data-safe-src=\"data:image\/gif;base64,R0lGODlhAQABAIAAAP\/\/\/\/\/\/\/yH5BAEKAAEALAAAAAABAAEAAAICTAEAOw==\" \/><\/a><\/div><\/div><div id=\"envira-gallery-item-364\" class=\"envira-gallery-item enviratope-item envira-gallery-item-8 envira-lazy-load\" style=\"padding-left: 5px; padding-bottom: 10px; padding-right: 5px;\"  itemscope itemtype=\"https:\/\/schema.org\/ImageObject\"><div class=\"envira-gallery-item-inner\"><div class=\"envira-gallery-position-overlay  envira-gallery-top-left\"><\/div><div class=\"envira-gallery-position-overlay  envira-gallery-top-right\"><\/div><div class=\"envira-gallery-position-overlay  envira-gallery-bottom-left\"><\/div><div class=\"envira-gallery-position-overlay  envira-gallery-bottom-right\"><\/div><a href=\"https:\/\/toyrylankartano.fi\/wp-content\/uploads\/2019\/11\/Doubleroom3.png\" class=\"envira-gallery-204 envira-gallery-link\" rel=\"enviragallery204\" title=\"\" data-envira-caption=\"\" data-envira-retina=\"\" data-thumbnail=\"\"  itemprop=\"contentUrl\"><img id=\"envira-gallery-image-364\" class=\"envira-gallery-image envira-gallery-image-8 envira-normal envira-lazy\" data-envira-index=\"8\" src=\"https:\/\/toyrylankartano.fi\/wp-content\/uploads\/2019\/11\/Doubleroom3.png\" data-envira-src=\"https:\/\/toyrylankartano.fi\/wp-content\/uploads\/2019\/11\/Doubleroom3.png\" data-envira-gallery-id=\"204\" data-envira-item-id=\"364\" data-envira-caption=\"\" alt=\"\" title=\"\"  itemprop=\"thumbnailUrl\" data-envira-srcset=\"https:\/\/toyrylankartano.fi\/wp-content\/uploads\/2019\/11\/Doubleroom3.png 400w,https:\/\/toyrylankartano.fi\/wp-content\/uploads\/2019\/11\/Doubleroom3.png 2x\" data-envira-width=\"200\" data-envira-height=\"300\" srcset=\"data:image\/gif;base64,R0lGODlhAQABAIAAAP\/\/\/\/\/\/\/yH5BAEKAAEALAAAAAABAAEAAAICTAEAOw==\" data-safe-src=\"data:image\/gif;base64,R0lGODlhAQABAIAAAP\/\/\/\/\/\/\/yH5BAEKAAEALAAAAAABAAEAAAICTAEAOw==\" \/><\/a><\/div><\/div><div id=\"envira-gallery-item-362\" class=\"envira-gallery-item enviratope-item envira-gallery-item-9 envira-lazy-load\" style=\"padding-left: 5px; padding-bottom: 10px; padding-right: 5px;\"  itemscope itemtype=\"https:\/\/schema.org\/ImageObject\"><div class=\"envira-gallery-item-inner\"><div class=\"envira-gallery-position-overlay  envira-gallery-top-left\"><\/div><div class=\"envira-gallery-position-overlay  envira-gallery-top-right\"><\/div><div class=\"envira-gallery-position-overlay  envira-gallery-bottom-left\"><\/div><div class=\"envira-gallery-position-overlay  envira-gallery-bottom-right\"><\/div><a href=\"https:\/\/toyrylankartano.fi\/wp-content\/uploads\/2019\/11\/Doubleroom-768x512.png\" class=\"envira-gallery-204 envira-gallery-link\" rel=\"enviragallery204\" title=\"\" data-envira-caption=\"\" data-envira-retina=\"\" data-thumbnail=\"\"  itemprop=\"contentUrl\"><img id=\"envira-gallery-image-362\" class=\"envira-gallery-image envira-gallery-image-9 envira-normal envira-lazy\" data-envira-index=\"9\" src=\"https:\/\/toyrylankartano.fi\/wp-content\/uploads\/2019\/11\/Doubleroom-1024x682.png\" data-envira-src=\"https:\/\/toyrylankartano.fi\/wp-content\/uploads\/2019\/11\/Doubleroom-1024x682.png\" data-envira-gallery-id=\"204\" data-envira-item-id=\"362\" data-envira-caption=\"\" alt=\"\" title=\"\"  itemprop=\"thumbnailUrl\" data-envira-srcset=\"https:\/\/toyrylankartano.fi\/wp-content\/uploads\/2019\/11\/Doubleroom-1024x682.png 400w,https:\/\/toyrylankartano.fi\/wp-content\/uploads\/2019\/11\/Doubleroom-1024x682.png 2x\" data-envira-width=\"300\" data-envira-height=\"200\" srcset=\"data:image\/gif;base64,R0lGODlhAQABAIAAAP\/\/\/\/\/\/\/yH5BAEKAAEALAAAAAABAAEAAAICTAEAOw==\" data-safe-src=\"data:image\/gif;base64,R0lGODlhAQABAIAAAP\/\/\/\/\/\/\/yH5BAEKAAEALAAAAAABAAEAAAICTAEAOw==\" \/><\/a><\/div><\/div><div id=\"envira-gallery-item-363\" class=\"envira-gallery-item enviratope-item envira-gallery-item-10 envira-lazy-load\" style=\"padding-left: 5px; padding-bottom: 10px; padding-right: 5px;\"  itemscope itemtype=\"https:\/\/schema.org\/ImageObject\"><div class=\"envira-gallery-item-inner\"><div class=\"envira-gallery-position-overlay  envira-gallery-top-left\"><\/div><div class=\"envira-gallery-position-overlay  envira-gallery-top-right\"><\/div><div class=\"envira-gallery-position-overlay  envira-gallery-bottom-left\"><\/div><div class=\"envira-gallery-position-overlay  envira-gallery-bottom-right\"><\/div><a href=\"https:\/\/toyrylankartano.fi\/wp-content\/uploads\/2019\/11\/Double4-768x513.png\" class=\"envira-gallery-204 envira-gallery-link\" rel=\"enviragallery204\" title=\"\" data-envira-caption=\"\" data-envira-retina=\"\" data-thumbnail=\"\"  itemprop=\"contentUrl\"><img id=\"envira-gallery-image-363\" class=\"envira-gallery-image envira-gallery-image-10 envira-normal envira-lazy\" data-envira-index=\"10\" src=\"https:\/\/toyrylankartano.fi\/wp-content\/uploads\/2019\/11\/Double4-1024x684.png\" data-envira-src=\"https:\/\/toyrylankartano.fi\/wp-content\/uploads\/2019\/11\/Double4-1024x684.png\" data-envira-gallery-id=\"204\" data-envira-item-id=\"363\" data-envira-caption=\"\" alt=\"\" title=\"\"  itemprop=\"thumbnailUrl\" data-envira-srcset=\"https:\/\/toyrylankartano.fi\/wp-content\/uploads\/2019\/11\/Double4-1024x684.png 400w,https:\/\/toyrylankartano.fi\/wp-content\/uploads\/2019\/11\/Double4-1024x684.png 2x\" data-envira-width=\"300\" data-envira-height=\"200\" srcset=\"data:image\/gif;base64,R0lGODlhAQABAIAAAP\/\/\/\/\/\/\/yH5BAEKAAEALAAAAAABAAEAAAICTAEAOw==\" data-safe-src=\"data:image\/gif;base64,R0lGODlhAQABAIAAAP\/\/\/\/\/\/\/yH5BAEKAAEALAAAAAABAAEAAAICTAEAOw==\" \/><\/a><\/div><\/div><div id=\"envira-gallery-item-366\" class=\"envira-gallery-item enviratope-item envira-gallery-item-11 envira-lazy-load\" style=\"padding-left: 5px; padding-bottom: 10px; padding-right: 5px;\"  itemscope itemtype=\"https:\/\/schema.org\/ImageObject\"><div class=\"envira-gallery-item-inner\"><div class=\"envira-gallery-position-overlay  envira-gallery-top-left\"><\/div><div class=\"envira-gallery-position-overlay  envira-gallery-top-right\"><\/div><div class=\"envira-gallery-position-overlay  envira-gallery-bottom-left\"><\/div><div class=\"envira-gallery-position-overlay  envira-gallery-bottom-right\"><\/div><a href=\"https:\/\/toyrylankartano.fi\/wp-content\/uploads\/2019\/11\/7HalliA-2-768x576.jpg\" class=\"envira-gallery-204 envira-gallery-link\" rel=\"enviragallery204\" title=\"\" data-envira-caption=\"\" data-envira-retina=\"\" data-thumbnail=\"\"  itemprop=\"contentUrl\"><img id=\"envira-gallery-image-366\" class=\"envira-gallery-image envira-gallery-image-11 envira-normal envira-lazy\" data-envira-index=\"11\" src=\"https:\/\/toyrylankartano.fi\/wp-content\/uploads\/2019\/11\/7HalliA-2-1024x768.jpg\" data-envira-src=\"https:\/\/toyrylankartano.fi\/wp-content\/uploads\/2019\/11\/7HalliA-2-1024x768.jpg\" data-envira-gallery-id=\"204\" data-envira-item-id=\"366\" data-envira-caption=\"\" alt=\"\" title=\"\"  itemprop=\"thumbnailUrl\" data-envira-srcset=\"https:\/\/toyrylankartano.fi\/wp-content\/uploads\/2019\/11\/7HalliA-2-1024x768.jpg 400w,https:\/\/toyrylankartano.fi\/wp-content\/uploads\/2019\/11\/7HalliA-2-1024x768.jpg 2x\" data-envira-width=\"300\" data-envira-height=\"225\" srcset=\"data:image\/gif;base64,R0lGODlhAQABAIAAAP\/\/\/\/\/\/\/yH5BAEKAAEALAAAAAABAAEAAAICTAEAOw==\" data-safe-src=\"data:image\/gif;base64,R0lGODlhAQABAIAAAP\/\/\/\/\/\/\/yH5BAEKAAEALAAAAAABAAEAAAICTAEAOw==\" \/><\/a><\/div><\/div><div id=\"envira-gallery-item-390\" class=\"envira-gallery-item enviratope-item envira-gallery-item-12 envira-lazy-load\" style=\"padding-left: 5px; padding-bottom: 10px; padding-right: 5px;\"  itemscope itemtype=\"https:\/\/schema.org\/ImageObject\"><div class=\"envira-gallery-item-inner\"><div class=\"envira-gallery-position-overlay  envira-gallery-top-left\"><\/div><div class=\"envira-gallery-position-overlay  envira-gallery-top-right\"><\/div><div class=\"envira-gallery-position-overlay  envira-gallery-bottom-left\"><\/div><div class=\"envira-gallery-position-overlay  envira-gallery-bottom-right\"><\/div><a href=\"https:\/\/toyrylankartano.fi\/wp-content\/uploads\/2019\/11\/94177393.jpg\" class=\"envira-gallery-204 envira-gallery-link\" rel=\"enviragallery204\" title=\"\" data-envira-caption=\"\" data-envira-retina=\"\" data-thumbnail=\"\"  itemprop=\"contentUrl\"><img id=\"envira-gallery-image-390\" class=\"envira-gallery-image envira-gallery-image-12 envira-normal envira-lazy\" data-envira-index=\"12\" src=\"https:\/\/toyrylankartano.fi\/wp-content\/uploads\/2019\/11\/94177393.jpg\" data-envira-src=\"https:\/\/toyrylankartano.fi\/wp-content\/uploads\/2019\/11\/94177393.jpg\" data-envira-gallery-id=\"204\" data-envira-item-id=\"390\" data-envira-caption=\"\" alt=\"\" title=\"\"  itemprop=\"thumbnailUrl\" data-envira-srcset=\"https:\/\/toyrylankartano.fi\/wp-content\/uploads\/2019\/11\/94177393.jpg 400w,https:\/\/toyrylankartano.fi\/wp-content\/uploads\/2019\/11\/94177393.jpg 2x\" data-envira-width=\"225\" data-envira-height=\"300\" srcset=\"data:image\/gif;base64,R0lGODlhAQABAIAAAP\/\/\/\/\/\/\/yH5BAEKAAEALAAAAAABAAEAAAICTAEAOw==\" data-safe-src=\"data:image\/gif;base64,R0lGODlhAQABAIAAAP\/\/\/\/\/\/\/yH5BAEKAAEALAAAAAABAAEAAAICTAEAOw==\" \/><\/a><\/div><\/div><\/div><\/div><noscript><\/noscript>\n","protected":false},"excerpt":{"rendered":"<p>&nbsp; Avatessani kotini kokous- ja majoitustoimintaan, poikkeaa T\u00f6yryl\u00e4n kartanohotelli majoituksen liiketoimintaidealtaan (=house-guest) ja upeine interi\u00f6\u00f6reineen muista kartanohotelleista Suomessa. House-guest majoitus tarkoittaa, ett\u00e4 kaikki T\u00f6yryl\u00e4n tilat keitti\u00f6st\u00e4 ja kirjastosta kauniisiin saleihin ovat k\u00e4yt\u00f6ss\u00e4nne, kuin olisitte hyv\u00e4n yst\u00e4v\u00e4n maaseutukartanossa vierailulla. Tasokkaat vierashuoneet ovat tietysti privaattialuettanne kuten hotellissa. Kartano on avoinna tilaisuuksiin ja juhliin ymp\u00e4ri vuoden, samoin hotellimme [&hellip;]<\/p>\n","protected":false},"author":1,"featured_media":0,"parent":0,"menu_order":0,"comment_status":"closed","ping_status":"closed","template":"","meta":[],"_links":{"self":[{"href":"https:\/\/toyrylankartano.fi\/fi\/wp-json\/wp\/v2\/pages\/202"}],"collection":[{"href":"https:\/\/toyrylankartano.fi\/fi\/wp-json\/wp\/v2\/pages"}],"about":[{"href":"https:\/\/toyrylankartano.fi\/fi\/wp-json\/wp\/v2\/types\/page"}],"author":[{"embeddable":true,"href":"https:\/\/toyrylankartano.fi\/fi\/wp-json\/wp\/v2\/users\/1"}],"replies":[{"embeddable":true,"href":"https:\/\/toyrylankartano.fi\/fi\/wp-json\/wp\/v2\/comments?post=202"}],"version-history":[{"count":17,"href":"https:\/\/toyrylankartano.fi\/fi\/wp-json\/wp\/v2\/pages\/202\/revisions"}],"predecessor-version":[{"id":451,"href":"https:\/\/toyrylankartano.fi\/fi\/wp-json\/wp\/v2\/pages\/202\/revisions\/451"}],"wp:attachment":[{"href":"https:\/\/toyrylankartano.fi\/fi\/wp-json\/wp\/v2\/media?parent=202"}],"curies":[{"name":"wp","href":"https:\/\/api.w.org\/{rel}","templated":true}]}}