{"id":155,"date":"2019-11-25T13:03:57","date_gmt":"2019-11-25T13:03:57","guid":{"rendered":"http:\/\/toyrylankartano.fi\/?page_id=155"},"modified":"2019-11-25T19:27:46","modified_gmt":"2019-11-25T19:27:46","slug":"joulu","status":"publish","type":"page","link":"https:\/\/toyrylankartano.fi\/fi\/joulu\/","title":{"rendered":"Perinteinen kartanon joulu T\u00f6yryl\u00e4n kartanossa"},"content":{"rendered":"<p><span style=\"color: #000000;\">Ylellinen majoitus kartanon p\u00e4\u00e4rakennuksessa,<\/span><\/p>\n<p><span style=\"color: #000000;\"><strong>joulun ohjelma- ja t\u00e4ysihoitopaketti 24.-26.12. Hinta alk. 350,00 \u20ac<\/strong><\/span><\/p>\n<p><span style=\"color: #000000;\">T\u00f6yryl\u00e4n kartanon tilat keitti\u00f6st\u00e4 ja kirjastosta kauniisiin saleihin ovat k\u00e4yt\u00f6ss\u00e4nne, kuin olisitte hyv\u00e4n yst\u00e4v\u00e4n maaseutukartanossa vierailulla. Tasokkaat vierashuoneet ovat tietysti privaattialuettanne kuten hotellissa.<\/span><\/p>\n<p><span style=\"color: #000000;\"><strong>Jouluaatto 24.12.<\/strong><\/span><\/p>\n<p><span style=\"color: #000000;\">Saapuminen ja tervetulokahvit, kartanokierros ja tutustuminen kartanon historiaan ja antiikkikokoelmaan.<\/span><\/p>\n<p><span style=\"color: #000000;\">Perinteinen riisipuuro-lounas v\u00e4entuvassa.<\/span><\/p>\n<p><span style=\"color: #000000;\">Ihastuttava vanha Artj\u00e4rven kirkko on noin 1,5 km p\u00e4\u00e4ss\u00e4, jossa joulupalvelus ja kauniit jouluvirret klo 13.00.<\/span><\/p>\n<p><span style=\"color: #000000;\">Joulukuusen pystytys ja -koristelu keltaiseen p\u00e4\u00e4saliin, kahvit \/ joulugl\u00f6gi salissa.<\/span><\/p>\n<p><span style=\"color: #000000;\">Joulusauna ja tuoksuvat koivuvastat.<\/span><\/p>\n<p><span style=\"color: #000000;\">Joululahjat (!)<\/span><\/p>\n<p><span style=\"color: #000000;\">Gl\u00f6gi \/ aperitiivit harmaassa salissa \/ coctail-loungessa ennen illallisata.<\/span><\/p>\n<p><span style=\"color: #000000;\">Upea jouluillallinen ruokasalissamme.<\/span><\/p>\n<p><span style=\"color: #000000;\"><strong>Joulup\u00e4iv\u00e4 25.12.<\/strong><\/span><\/p>\n<p><span style=\"color: #000000;\">Aamiainen v\u00e4entuvassa.<\/span><\/p>\n<p><span style=\"color: #000000;\">Joulup\u00e4iv\u00e4n lounas ruokasalissamme.<\/span><\/p>\n<p><span style=\"color: #000000;\">Leppoisaa yhdess\u00e4oloa ja ulkoilua<\/span><\/p>\n<p><span style=\"color: #000000;\">Sauna l\u00e4mpim\u00e4n\u00e4 klo 17 alkaen.<\/span><\/p>\n<p><span style=\"color: #000000;\">Aperitiivit harmaassa salissa ennen illallista.<\/span><\/p>\n<p><span style=\"color: #000000;\">Joulup\u00e4iv\u00e4n juhlaillallinen ruokasalissamme.<\/span><\/p>\n<p><span style=\"color: #000000;\"><strong>Tapaninp\u00e4iv\u00e4 26.12.<\/strong><\/span><\/p>\n<p><span style=\"color: #000000;\">Aamiainen v\u00e4entuvassa.<\/span><\/p>\n","protected":false},"excerpt":{"rendered":"<p>Ylellinen majoitus kartanon p\u00e4\u00e4rakennuksessa, joulun ohjelma- ja t\u00e4ysihoitopaketti 24.-26.12. Hinta alk. 350,00 \u20ac T\u00f6yryl\u00e4n kartanon tilat keitti\u00f6st\u00e4 ja kirjastosta kauniisiin saleihin ovat k\u00e4yt\u00f6ss\u00e4nne, kuin olisitte hyv\u00e4n yst\u00e4v\u00e4n maaseutukartanossa vierailulla. Tasokkaat vierashuoneet ovat tietysti privaattialuettanne kuten hotellissa. Jouluaatto 24.12. Saapuminen ja tervetulokahvit, kartanokierros ja tutustuminen kartanon historiaan ja antiikkikokoelmaan. Perinteinen riisipuuro-lounas v\u00e4entuvassa. Ihastuttava vanha Artj\u00e4rven kirkko [&hellip;]<\/p>\n","protected":false},"author":1,"featured_media":0,"parent":0,"menu_order":0,"comment_status":"closed","ping_status":"closed","template":"","meta":[],"_links":{"self":[{"href":"https:\/\/toyrylankartano.fi\/fi\/wp-json\/wp\/v2\/pages\/155"}],"collection":[{"href":"https:\/\/toyrylankartano.fi\/fi\/wp-json\/wp\/v2\/pages"}],"about":[{"href":"https:\/\/toyrylankartano.fi\/fi\/wp-json\/wp\/v2\/types\/page"}],"author":[{"embeddable":true,"href":"https:\/\/toyrylankartano.fi\/fi\/wp-json\/wp\/v2\/users\/1"}],"replies":[{"embeddable":true,"href":"https:\/\/toyrylankartano.fi\/fi\/wp-json\/wp\/v2\/comments?post=155"}],"version-history":[{"count":6,"href":"https:\/\/toyrylankartano.fi\/fi\/wp-json\/wp\/v2\/pages\/155\/revisions"}],"predecessor-version":[{"id":258,"href":"https:\/\/toyrylankartano.fi\/fi\/wp-json\/wp\/v2\/pages\/155\/revisions\/258"}],"wp:attachment":[{"href":"https:\/\/toyrylankartano.fi\/fi\/wp-json\/wp\/v2\/media?parent=155"}],"curies":[{"name":"wp","href":"https:\/\/api.w.org\/{rel}","templated":true}]}}