{"id":254,"date":"2019-11-25T19:19:10","date_gmt":"2019-11-25T19:19:10","guid":{"rendered":"http:\/\/toyrylankartano.fi\/?page_id=254"},"modified":"2019-11-25T19:20:44","modified_gmt":"2019-11-25T19:20:44","slug":"ajo-ohjeet","status":"publish","type":"page","link":"https:\/\/toyrylankartano.fi\/en\/ajo-ohjeet\/","title":{"rendered":"HOW TO GET HERE"},"content":{"rendered":"<p class=\"paragraph_style_4\"><span style=\"color: #000000;\"><strong>How to get to Toyryla from Helsinki<\/strong><\/span><\/p>\n<p class=\"paragraph_style_4\"><span style=\"color: #000000;\">Drive time from the capital area c. 100 km\/ 1 h 15 mins<\/span><\/p>\n<p class=\"paragraph_style_5\"><span style=\"color: #000000;\">1. Drive east on the Porvoo motorway past the town of Porvoo.<\/span><\/p>\n<p class=\"paragraph_style_5\"><span style=\"color: #000000;\">2. Turn northeast after Porvoo on the road 6 (sign: Kouvola)<\/span><\/p>\n<p class=\"paragraph_style_5\"><span style=\"color: #000000;\">3. Drive c. 19 km on the road 6 and turn left to Porlammi (sign: Porlammi)<\/span><\/p>\n<p class=\"paragraph_style_5\"><span style=\"color: #000000;\">4. Drive c. 10 km and turn right (sign: Artjarvi)<\/span><\/p>\n<p class=\"paragraph_style_5\"><span style=\"color: #000000;\">5. Drive 8 km and turn right (sign: Sibelius memorial obelisk and sign Metsakyla)<\/span><\/p>\n<p class=\"paragraph_style_5\"><span style=\"color: #000000;\">6. Drive only 20 m along the spruce hedge and turn left and drive round the white barn on the left to the Toyryla parking area.<\/span><\/p>\n<p class=\"paragraph_style_4\"><span style=\"color: #000000;\"><strong>How to get here from the town of Lahti:<\/strong><\/span><\/p>\n<p class=\"paragraph_style_4\"><span style=\"color: #000000;\">Distance c. 45 km\/ 30 mins<\/span><\/p>\n<p class=\"paragraph_style_5\"><span style=\"color: #000000;\">1. Drive 19 km on the road 12 towards Kouvola<\/span><\/p>\n<p class=\"paragraph_style_5\"><span style=\"color: #000000;\">2. Turn right (sign: Artjarvi)<\/span><\/p>\n<p class=\"paragraph_style_5\"><span style=\"color: #000000;\">3. Drive 21 km, through the village of Artjarvi and turn left (sign: Elimaki)<\/span><\/p>\n<p class=\"paragraph_style_5\"><span style=\"color: #000000;\">4. Drive 2 km and turn right (sign: Porlammi)<\/span><\/p>\n<p class=\"paragraph_style_5\"><span style=\"color: #000000;\">5. Drive 700 m and turn left to Toyryla (sign: Sibelius memorial obelisk and sign Metsakyla)<\/span><\/p>\n<p class=\"paragraph_style_5\"><span style=\"color: #000000;\">6. Drive only 20 m along the spruce hedge and turn left and drive round the white barn on the left to the Toyryla parking area.<\/span><\/p>\n<p class=\"paragraph_style_4\"><span style=\"color: #000000;\"><strong>How to get here by train<\/strong><\/span><\/p>\n<p class=\"paragraph_style_6\"><span style=\"color: #000000;\"><span class=\"style_3\">Helsinki \u2192 Uusikyla, drive time from Uusikyla station to Toyryla c. 15 mins, book the Toyryla pick-up service in advance.<\/span>, ajomatka Uusikyl\u00e4n asemalta noin 15 min, tiedustele T\u00f6yryl\u00e4n pick-up palvelua.<\/span><\/p>\n<p class=\"paragraph_style_6\"><span style=\"color: #000000;\"><span class=\"style_3\">Travel time from Helsinki to Uusikyla 1 h 20 mins.<\/span> 1:17 -1:27 minuuttia.<\/span><\/p>\n<p class=\"paragraph_style_6\"><span style=\"color: #000000;\">Service six times daily.<a class=\"class1\" style=\"color: #000000;\" title=\"http:\/\/www.vr.fi\/\" href=\"http:\/\/www.vr.fi\/\">(www.vr.fi<\/a>)<\/span><\/p>","protected":false},"excerpt":{"rendered":"<p>Ajo-ohje Helsingist\u00e4 ja Lahdesta tai matkusta junalla Matka p\u00e4\u00e4kaupunkiseudulta noin 100 km\/ 1 t 15 minuuttia 1.Aja Porvoon moottoritiet\u00e4 Helsingist\u00e4 it\u00e4\u00e4n 2.K\u00e4\u00e4nny Porvoon j\u00e4lkeen 6-tielle (viitta: Kouvola) 3.Aja 6-tiet\u00e4 noin 19 km, k\u00e4\u00e4nny vasemmalle (viitta: Porlammi) 4.Aja 10 km ja k\u00e4\u00e4nny oikealle (viitta: Artj\u00e4rvi) 5.Aja 8 km ja k\u00e4\u00e4nny oikealle T\u00f6yryl\u00e4\u00e4n (Sibelius muistomerkin kyltti ja [&hellip;]<\/p>","protected":false},"author":1,"featured_media":0,"parent":0,"menu_order":0,"comment_status":"closed","ping_status":"closed","template":"","meta":[],"_links":{"self":[{"href":"https:\/\/toyrylankartano.fi\/en\/wp-json\/wp\/v2\/pages\/254"}],"collection":[{"href":"https:\/\/toyrylankartano.fi\/en\/wp-json\/wp\/v2\/pages"}],"about":[{"href":"https:\/\/toyrylankartano.fi\/en\/wp-json\/wp\/v2\/types\/page"}],"author":[{"embeddable":true,"href":"https:\/\/toyrylankartano.fi\/en\/wp-json\/wp\/v2\/users\/1"}],"replies":[{"embeddable":true,"href":"https:\/\/toyrylankartano.fi\/en\/wp-json\/wp\/v2\/comments?post=254"}],"version-history":[{"count":3,"href":"https:\/\/toyrylankartano.fi\/en\/wp-json\/wp\/v2\/pages\/254\/revisions"}],"predecessor-version":[{"id":257,"href":"https:\/\/toyrylankartano.fi\/en\/wp-json\/wp\/v2\/pages\/254\/revisions\/257"}],"wp:attachment":[{"href":"https:\/\/toyrylankartano.fi\/en\/wp-json\/wp\/v2\/media?parent=254"}],"curies":[{"name":"wp","href":"https:\/\/api.w.org\/{rel}","templated":true}]}}