{"id":214,"date":"2019-11-25T15:41:53","date_gmt":"2019-11-25T15:41:53","guid":{"rendered":"http:\/\/toyrylankartano.fi\/?page_id=214"},"modified":"2020-08-10T12:12:21","modified_gmt":"2020-08-10T10:12:21","slug":"kokous-ja-koulutus","status":"publish","type":"page","link":"https:\/\/toyrylankartano.fi\/en\/kokous-ja-koulutus\/","title":{"rendered":"BUSINESS MEETINGS"},"content":{"rendered":"<div id=\"pl-214\" class=\"panel-layout\">\n<div id=\"pg-214-0\" class=\"panel-grid panel-no-style\" data-style=\"{&quot;background_image_attachment&quot;:false,&quot;background_display&quot;:&quot;tile&quot;,&quot;cell_alignment&quot;:&quot;flex-start&quot;}\" data-ratio=\"1\" data-ratio-direction=\"right\">\n<div id=\"pgc-214-0-0\" class=\"panel-grid-cell\" data-weight=\"1\">\n<div id=\"panel-214-0-0-0\" class=\"so-panel widget widget_sow-editor panel-first-child panel-last-child\" data-index=\"0\" data-style=\"{&quot;background_image_attachment&quot;:false,&quot;background_display&quot;:&quot;tile&quot;,&quot;font_color&quot;:&quot;#000000&quot;}\">\n<div class=\"panel-widget-style panel-widget-style-for-214-0-0-0\">\n<div class=\"so-widget-sow-editor so-widget-sow-editor-base\">\n<div class=\"siteorigin-widget-tinymce textwidget\">\n<p class=\"paragraph_style_2\"><span style=\"color: #333333;\"><strong><span class=\"style_1\">Toyryla offers a sumptuous venue<\/span><\/strong>for meetings, planning days and business training occasions.\n\nOur location at an hours drive from the capital area or half and hour drive from the town of Lahti makes it possible to plan an efficient one day meeting programme. Why not stay overnight and organize a dinner party, too.<\/span><\/p>\n<p class=\"paragraph_style_3\"><span style=\"color: #333333;\">Sijaintimme hiukan yli tunnin ajomatkan p\u00e4\u00e4ss\u00e4 p\u00e4\u00e4kaupunkiseudulta tai puolen tunnin Lahdesta antaa riitt\u00e4v\u00e4sti aikaa tehokkaan p\u00e4iv\u00e4kokousohjelman rakentamiseen.<\/span><\/p>\n<p class=\"paragraph_style_3\"><span style=\"color: #333333;\">Kokousohjelmaa kevent\u00e4m\u00e4\u00e4n ja tauottamaan j\u00e4rjest\u00e4mme tarpeenne mukaan oheisohjelmaa kartanossa kuten *Uusrenessanssin tapa ja -rakennuskulttuuri* tai *Sibelius-suvun vaiheet*.<\/span><\/p>\n<h3 class=\"paragraph_style_4\"><span style=\"color: #333333;\"><strong>Capacity of meeting facilities<\/strong><\/span><\/h3>\n<p class=\"paragraph_style_3\"><span style=\"color: #333333;\">Our meeting rooms are for 10\u201345 participants. In addition, the library, cocktail lounge and ladies parlour (15-50 m2) are superb for business negotiations or team work for even larger groups.<\/span><\/p>\n<p class=\"paragraph_style_4\"><span style=\"color: #333333;\"><strong>Ask for a meeting package offer for your team. One day meeting packages from 90 \u20ac\/person.<\/strong><\/span><\/p>\n<\/div>\n<\/div>\n<\/div>\n<\/div>\n<\/div>\n<\/div>\n<div id=\"pg-214-1\" class=\"panel-grid panel-no-style\" data-style=\"{&quot;background_image_attachment&quot;:false,&quot;background_display&quot;:&quot;tile&quot;,&quot;cell_alignment&quot;:&quot;flex-start&quot;}\" data-ratio=\"1\" data-ratio-direction=\"right\">\n<div id=\"pgc-214-1-0\" class=\"panel-grid-cell\" data-weight=\"1\">\n<div id=\"panel-214-1-0-0\" class=\"so-panel widget widget_sow-image panel-first-child panel-last-child\" data-index=\"1\" data-style=\"{&quot;background_image_attachment&quot;:false,&quot;background_display&quot;:&quot;tile&quot;}\"><img decoding=\"async\" loading=\"lazy\" class=\"alignnone  wp-image-215\" src=\"http:\/\/toyrylankartano.fi\/wp-content\/uploads\/2019\/11\/17811431-300x195.jpg\" alt=\"\" width=\"559\" height=\"363\" srcset=\"https:\/\/toyrylankartano.fi\/wp-content\/uploads\/2019\/11\/17811431-300x195.jpg 300w, https:\/\/toyrylankartano.fi\/wp-content\/uploads\/2019\/11\/17811431-1024x664.jpg 1024w, https:\/\/toyrylankartano.fi\/wp-content\/uploads\/2019\/11\/17811431-768x498.jpg 768w, https:\/\/toyrylankartano.fi\/wp-content\/uploads\/2019\/11\/17811431.jpg 1280w\" sizes=\"(max-width: 559px) 100vw, 559px\" \/><\/div>\n<\/div>\n<\/div>\n<\/div>","protected":false},"excerpt":{"rendered":"<p>T\u00f6yryl\u00e4 tarjoaa vierailleen arvokkaat puitteet, jotka sopivat erinomaisesti kokouksiin, suunnittelup\u00e4iviin, koulutustilaisuuksiin tai yritysvalmennukseen. Sijaintimme hiukan yli tunnin ajomatkan p\u00e4\u00e4ss\u00e4 p\u00e4\u00e4kaupunkiseudulta tai puolen tunnin Lahdesta antaa riitt\u00e4v\u00e4sti aikaa tehokkaan p\u00e4iv\u00e4kokousohjelman rakentamiseen. Kokousohjelmaa kevent\u00e4m\u00e4\u00e4n ja tauottamaan j\u00e4rjest\u00e4mme tarpeenne mukaan oheisohjelmaa kartanossa kuten *Uusrenessanssin tapa ja -rakennuskulttuuri* tai *Sibelius-suvun vaiheet*. Koulutustilakapasiteetti Kokoustilamme ovat 10\u201345 henkil\u00f6lle. Lis\u00e4ksi kartanon useat [&hellip;]<\/p>","protected":false},"author":1,"featured_media":0,"parent":0,"menu_order":0,"comment_status":"closed","ping_status":"closed","template":"","meta":[],"_links":{"self":[{"href":"https:\/\/toyrylankartano.fi\/en\/wp-json\/wp\/v2\/pages\/214"}],"collection":[{"href":"https:\/\/toyrylankartano.fi\/en\/wp-json\/wp\/v2\/pages"}],"about":[{"href":"https:\/\/toyrylankartano.fi\/en\/wp-json\/wp\/v2\/types\/page"}],"author":[{"embeddable":true,"href":"https:\/\/toyrylankartano.fi\/en\/wp-json\/wp\/v2\/users\/1"}],"replies":[{"embeddable":true,"href":"https:\/\/toyrylankartano.fi\/en\/wp-json\/wp\/v2\/comments?post=214"}],"version-history":[{"count":14,"href":"https:\/\/toyrylankartano.fi\/en\/wp-json\/wp\/v2\/pages\/214\/revisions"}],"predecessor-version":[{"id":436,"href":"https:\/\/toyrylankartano.fi\/en\/wp-json\/wp\/v2\/pages\/214\/revisions\/436"}],"wp:attachment":[{"href":"https:\/\/toyrylankartano.fi\/en\/wp-json\/wp\/v2\/media?parent=214"}],"curies":[{"name":"wp","href":"https:\/\/api.w.org\/{rel}","templated":true}]}}